{"id":5460,"date":"2022-10-11T09:48:18","date_gmt":"2022-10-11T09:48:18","guid":{"rendered":"https:\/\/www.tlvfest.com\/about\/"},"modified":"2023-02-27T12:51:38","modified_gmt":"2023-02-27T12:51:38","slug":"about","status":"publish","type":"page","link":"https:\/\/www.tlvfest.com\/en\/about\/","title":{"rendered":"About"},"content":{"rendered":"\t\t<div data-elementor-type=\"wp-page\" data-elementor-id=\"5460\" class=\"elementor elementor-5460 elementor-4595\" data-elementor-post-type=\"page\">\n\t\t\t\t\t\t<section class=\"has_ae_slider elementor-section elementor-top-section elementor-element elementor-element-f711127 elementor-section-boxed elementor-section-height-default elementor-section-height-default ae-bg-gallery-type-default\" data-id=\"f711127\" data-element_type=\"section\">\n\t\t\t\t\t\t<div class=\"elementor-container elementor-column-gap-default\">\n\t\t\t\t\t<div class=\"has_ae_slider elementor-column elementor-col-100 elementor-top-column elementor-element elementor-element-789dc1a ae-bg-gallery-type-default\" data-id=\"789dc1a\" data-element_type=\"column\">\n\t\t\t<div class=\"elementor-widget-wrap elementor-element-populated\">\n\t\t\t\t\t\t<div class=\"elementor-element elementor-element-2a55739 title_h1_pink elementor-widget elementor-widget-heading\" data-id=\"2a55739\" data-element_type=\"widget\" data-widget_type=\"heading.default\">\n\t\t\t\t<div class=\"elementor-widget-container\">\n\t\t\t\t\t<h1 class=\"elementor-heading-title elementor-size-default\">About<\/h1>\t\t\t\t<\/div>\n\t\t\t\t<\/div>\n\t\t\t\t<div class=\"elementor-element elementor-element-bc843b6 elementor-widget elementor-widget-text-editor\" data-id=\"bc843b6\" data-element_type=\"widget\" data-widget_type=\"text-editor.default\">\n\t\t\t\t<div class=\"elementor-widget-container\">\n\t\t\t\t\t\t\t\t\t<p>Freedom, justice and tolerance should be the pillars of any society.<br>\nWe believe Israel must guarantee full social and political equality to all, regardless of religion, race, sex or sexual orientation.<\/p>\n<p>As committed members of the Israeli LGBT community, we struggle for equality and respect by creating a serious, often controversial discourse through the medium of queer cinema.<br>\nThe Tel Aviv International LGBT film festival is the manifestation of this struggle.<\/p>\n<p>TLVFest must stand firm against violence, corruption, and intolerance, and fight for the freedom of speech and civil rights of the LGBT community and of minorities living in Israel. We are here to continue spreading LGBT culture and cinema across the country, provoke thought, bring down walls, and build Bridges between<\/p>\t\t\t\t\t\t\t\t<\/div>\n\t\t\t\t<\/div>\n\t\t\t\t<div class=\"elementor-element elementor-element-be0441b dce_masking-none elementor-widget elementor-widget-image\" data-id=\"be0441b\" data-element_type=\"widget\" data-widget_type=\"image.default\">\n\t\t\t\t<div class=\"elementor-widget-container\">\n\t\t\t\t\t\t\t\t\t\t\t\t\t\t\t<img fetchpriority=\"high\" decoding=\"async\" width=\"525\" height=\"394\" src=\"https:\/\/www.tlvfest.com\/wp-content\/uploads\/2022\/10\/crowd_2018.jpg\" class=\"attachment-large size-large wp-image-4764\" alt=\"\" srcset=\"https:\/\/www.tlvfest.com\/wp-content\/uploads\/2022\/10\/crowd_2018.jpg 600w, https:\/\/www.tlvfest.com\/wp-content\/uploads\/2022\/10\/crowd_2018-300x225.jpg 300w\" sizes=\"100vw\" \/>\t\t\t\t\t\t\t\t\t\t\t\t\t\t\t<\/div>\n\t\t\t\t<\/div>\n\t\t\t\t\t<\/div>\n\t\t<\/div>\n\t\t\t\t\t<\/div>\n\t\t<\/section>\n\t\t\t\t<section class=\"has_ae_slider elementor-section elementor-top-section elementor-element elementor-element-4621c77 elementor-section-boxed elementor-section-height-default elementor-section-height-default ae-bg-gallery-type-default\" data-id=\"4621c77\" data-element_type=\"section\">\n\t\t\t\t\t\t<div class=\"elementor-container elementor-column-gap-default\">\n\t\t\t\t\t<div class=\"has_ae_slider elementor-column elementor-col-50 elementor-top-column elementor-element elementor-element-3f3b4b1 ae-bg-gallery-type-default\" data-id=\"3f3b4b1\" data-element_type=\"column\">\n\t\t\t<div class=\"elementor-widget-wrap\">\n\t\t\t\t\t\t\t<\/div>\n\t\t<\/div>\n\t\t\t\t<div class=\"has_ae_slider elementor-column elementor-col-50 elementor-top-column elementor-element elementor-element-cf4768f ae-bg-gallery-type-default\" data-id=\"cf4768f\" data-element_type=\"column\">\n\t\t\t<div class=\"elementor-widget-wrap\">\n\t\t\t\t\t\t\t<\/div>\n\t\t<\/div>\n\t\t\t\t\t<\/div>\n\t\t<\/section>\n\t\t\t\t<section class=\"has_ae_slider elementor-section elementor-top-section elementor-element elementor-element-d9f298c elementor-section-boxed elementor-section-height-default elementor-section-height-default ae-bg-gallery-type-default\" data-id=\"d9f298c\" data-element_type=\"section\">\n\t\t\t\t\t\t<div class=\"elementor-container elementor-column-gap-default\">\n\t\t\t\t\t<div class=\"has_ae_slider elementor-column elementor-col-66 elementor-top-column elementor-element elementor-element-8a50a2a ae-bg-gallery-type-default\" data-id=\"8a50a2a\" data-element_type=\"column\">\n\t\t\t<div class=\"elementor-widget-wrap elementor-element-populated\">\n\t\t\t\t\t\t<div class=\"elementor-element elementor-element-6c0326c elementor-widget elementor-widget-text-editor\" data-id=\"6c0326c\" data-element_type=\"widget\" data-widget_type=\"text-editor.default\">\n\t\t\t\t<div class=\"elementor-widget-container\">\n\t\t\t\t\t\t\t\t\t<p>We have come a long way since our 2006 launch. Held in the small halls offered by Ha\u2019Ozen Hashlishit (Hebrew for \u201cthird ear\u201d) record store, the first festival opened with a screening of Greg Araki\u2019s Mysterious Skin. The venue was fully booked throughout the five-day event; it was clear we had created something that had to continue and grow. A year later we moved into the Tel Aviv Cinematheque, it has been our home ever since. MovieMaker Magazine chose TLVFest to one of the 25 Coolest 2018 Film Festivals in the World. Selected twice (2014 &amp; 2015) by INDIEWIRE as one of the 10 LGBT film festivals not to be missed. Yair Hochner the founder and artistic director of the festival, was invited to be a featured jurist at important international festivals, including the Cannes Film Festival, the Berlinale Festival and the Guadalajara Festival, the largest film festival in Central and South America.<\/p>\t\t\t\t\t\t\t\t<\/div>\n\t\t\t\t<\/div>\n\t\t\t\t\t<\/div>\n\t\t<\/div>\n\t\t\t\t<div class=\"has_ae_slider elementor-column elementor-col-33 elementor-top-column elementor-element elementor-element-aa5e8e2 ae-bg-gallery-type-default\" data-id=\"aa5e8e2\" data-element_type=\"column\">\n\t\t\t<div class=\"elementor-widget-wrap elementor-element-populated\">\n\t\t\t\t\t\t<div class=\"elementor-element elementor-element-9a33c0c dce_masking-none elementor-widget elementor-widget-image\" data-id=\"9a33c0c\" data-element_type=\"widget\" data-widget_type=\"image.default\">\n\t\t\t\t<div class=\"elementor-widget-container\">\n\t\t\t\t\t\t\t\t\t\t\t\t<figure class=\"wp-caption\">\n\t\t\t\t\t\t\t\t\t\t<img decoding=\"async\" width=\"525\" height=\"350\" src=\"https:\/\/www.tlvfest.com\/wp-content\/uploads\/2023\/02\/Christine-Vachon_tlvfest.jpg\" class=\"attachment-large size-large wp-image-9373\" alt=\"\" srcset=\"https:\/\/www.tlvfest.com\/wp-content\/uploads\/2023\/02\/Christine-Vachon_tlvfest.jpg 600w, https:\/\/www.tlvfest.com\/wp-content\/uploads\/2023\/02\/Christine-Vachon_tlvfest-300x200.jpg 300w\" sizes=\"100vw\" \/>\t\t\t\t\t\t\t\t\t\t\t<figcaption class=\"widget-image-caption wp-caption-text\">Christine Vachon<\/figcaption>\n\t\t\t\t\t\t\t\t\t\t<\/figure>\n\t\t\t\t\t\t\t\t\t<\/div>\n\t\t\t\t<\/div>\n\t\t\t\t\t<\/div>\n\t\t<\/div>\n\t\t\t\t\t<\/div>\n\t\t<\/section>\n\t\t\t\t<section class=\"has_ae_slider elementor-section elementor-top-section elementor-element elementor-element-06a5427 elementor-section-boxed elementor-section-height-default elementor-section-height-default ae-bg-gallery-type-default\" data-id=\"06a5427\" data-element_type=\"section\">\n\t\t\t\t\t\t<div class=\"elementor-container elementor-column-gap-default\">\n\t\t\t\t\t<div class=\"has_ae_slider elementor-column elementor-col-33 elementor-top-column elementor-element elementor-element-a7ef212 ae-bg-gallery-type-default\" data-id=\"a7ef212\" data-element_type=\"column\">\n\t\t\t<div class=\"elementor-widget-wrap elementor-element-populated\">\n\t\t\t\t\t\t<div class=\"elementor-element elementor-element-98be2f7 dce_masking-none elementor-widget elementor-widget-image\" data-id=\"98be2f7\" data-element_type=\"widget\" data-widget_type=\"image.default\">\n\t\t\t\t<div class=\"elementor-widget-container\">\n\t\t\t\t\t\t\t\t\t\t\t\t<figure class=\"wp-caption\">\n\t\t\t\t\t\t\t\t\t\t<img decoding=\"async\" width=\"525\" height=\"350\" src=\"https:\/\/www.tlvfest.com\/wp-content\/uploads\/2023\/02\/Alan2.jpg\" class=\"attachment-large size-large wp-image-9378\" alt=\"\" srcset=\"https:\/\/www.tlvfest.com\/wp-content\/uploads\/2023\/02\/Alan2.jpg 1000w, https:\/\/www.tlvfest.com\/wp-content\/uploads\/2023\/02\/Alan2-300x200.jpg 300w, https:\/\/www.tlvfest.com\/wp-content\/uploads\/2023\/02\/Alan2-768x512.jpg 768w\" sizes=\"100vw\" \/>\t\t\t\t\t\t\t\t\t\t\t<figcaption class=\"widget-image-caption wp-caption-text\">Alan Cumming<\/figcaption>\n\t\t\t\t\t\t\t\t\t\t<\/figure>\n\t\t\t\t\t\t\t\t\t<\/div>\n\t\t\t\t<\/div>\n\t\t\t\t<div class=\"elementor-element elementor-element-57c5f57 dce_masking-none elementor-widget elementor-widget-image\" data-id=\"57c5f57\" data-element_type=\"widget\" data-widget_type=\"image.default\">\n\t\t\t\t<div class=\"elementor-widget-container\">\n\t\t\t\t\t\t\t\t\t\t\t\t<figure class=\"wp-caption\">\n\t\t\t\t\t\t\t\t\t\t<img loading=\"lazy\" decoding=\"async\" width=\"525\" height=\"349\" src=\"https:\/\/www.tlvfest.com\/wp-content\/uploads\/2023\/02\/Lea-DeLaria-1024x680.jpg\" class=\"attachment-large size-large wp-image-9391\" alt=\"\" srcset=\"https:\/\/www.tlvfest.com\/wp-content\/uploads\/2023\/02\/Lea-DeLaria-1024x680.jpg 1024w, https:\/\/www.tlvfest.com\/wp-content\/uploads\/2023\/02\/Lea-DeLaria-300x199.jpg 300w, https:\/\/www.tlvfest.com\/wp-content\/uploads\/2023\/02\/Lea-DeLaria-768x510.jpg 768w, https:\/\/www.tlvfest.com\/wp-content\/uploads\/2023\/02\/Lea-DeLaria.jpg 1072w\" sizes=\"100vw\" \/>\t\t\t\t\t\t\t\t\t\t\t<figcaption class=\"widget-image-caption wp-caption-text\">Lea DeLaria<\/figcaption>\n\t\t\t\t\t\t\t\t\t\t<\/figure>\n\t\t\t\t\t\t\t\t\t<\/div>\n\t\t\t\t<\/div>\n\t\t\t\t\t<\/div>\n\t\t<\/div>\n\t\t\t\t<div class=\"has_ae_slider elementor-column elementor-col-66 elementor-top-column elementor-element elementor-element-c8fc497 ae-bg-gallery-type-default\" data-id=\"c8fc497\" data-element_type=\"column\">\n\t\t\t<div class=\"elementor-widget-wrap elementor-element-populated\">\n\t\t\t\t\t\t<div class=\"elementor-element elementor-element-04202b5 elementor-widget elementor-widget-text-editor\" data-id=\"04202b5\" data-element_type=\"widget\" data-widget_type=\"text-editor.default\">\n\t\t\t\t<div class=\"elementor-widget-container\">\n\t\t\t\t\t\t\t\t\t<p>TLVFest has had the pleasure to host many of the queer cinema industry\u2019s most innovative minds. Over the years our guests have included Alan Cumming, Lea DeLaria, Producer Christine Vachon (Boys Don\u2019t Cry, Carol, Far From Heaven), Queer Legends Bruce La Bruce, John Waters star Mink Stole, Wieland Speck &amp; Michael Stutz (Berlinale Panorama curator), Kim Yutani (Sundance) Lorenzo Vigas (Golden Lion Award Winner Venice film festival \u2013 From Afar), Marcio Reolon, Filipe Matzembacher (Teddy Award Winner \u2013 Tinta Bruta\/Hard Paint), Mart\u00edn Rodr\u00edguez Redondo (Marilyn), Jay Brannan (Shortbus), Jamie Babbit (But I\u2019m a Cheerleader), Angela Robinson (D.E.B.S.), Cheryl Dunye (The Watermelon Woman), Mark Christopher (Studio 54), Alant\u00e9 Kava\u00eft\u00e9 (The Summer of Sangaile), Daniel Ribeiro (The Way He Looks), Melanie Mayron (Snapshots), Madeleine Olnek (Wild Nights with Emily), Thom Fitzgerald (The Hanging Garden), International Transactivist and Performers: Buck Angel, Gigi Gorgeous, Miss Rosewood, Zazie de Paris, Maya Jafer and many more<\/p><p>During the 2020 TLVFest online edition we hosted for online conversations the two-time Oscar nominee Jackie Weaver (\u201cAnimal Kingdom\u201d and \u201cSilver Linings Playbook\u201d), Primetime Emmy nominee Zachary Quinto (Spock in the new Star Trek movies) and filmmaker, Isabel Sandoval (Lingua Franca) and many others.<\/p>\t\t\t\t\t\t\t\t<\/div>\n\t\t\t\t<\/div>\n\t\t\t\t\t<\/div>\n\t\t<\/div>\n\t\t\t\t\t<\/div>\n\t\t<\/section>\n\t\t\t\t<section class=\"has_ae_slider elementor-section elementor-top-section elementor-element elementor-element-bb01eff elementor-section-boxed elementor-section-height-default elementor-section-height-default ae-bg-gallery-type-default\" data-id=\"bb01eff\" data-element_type=\"section\">\n\t\t\t\t\t\t<div class=\"elementor-container elementor-column-gap-default\">\n\t\t\t\t\t<div class=\"has_ae_slider elementor-column elementor-col-66 elementor-top-column elementor-element elementor-element-7415653 ae-bg-gallery-type-default\" data-id=\"7415653\" data-element_type=\"column\">\n\t\t\t<div class=\"elementor-widget-wrap elementor-element-populated\">\n\t\t\t\t\t\t<div class=\"elementor-element elementor-element-3d4340c elementor-widget elementor-widget-text-editor\" data-id=\"3d4340c\" data-element_type=\"widget\" data-widget_type=\"text-editor.default\">\n\t\t\t\t<div class=\"elementor-widget-container\">\n\t\t\t\t\t\t\t\t\t<p>TLVFest provides an extensive stage for the art of DRAG and two years ago founded the drag competition TLVFest Drag Star Search with the best Israeli drag queens and kings.<\/p><p>TLVFest hosted drag artists from around the world, including: SF Drag Legend Peaches Christ, NYC Drag Legends \u2013 Sherry Vine &amp; Jackie Beat, Berlin Drag Legend Gloria Viagra &amp; RuPaul\u2019s Drag Race stars: Jinkx Monsoon, Sharon Needles, Peppermint, Alexis Michelle. We hope to host more drag artists in the next festivals as well.<\/p>\t\t\t\t\t\t\t\t<\/div>\n\t\t\t\t<\/div>\n\t\t\t\t\t<\/div>\n\t\t<\/div>\n\t\t\t\t<div class=\"has_ae_slider elementor-column elementor-col-33 elementor-top-column elementor-element elementor-element-296beb4 ae-bg-gallery-type-default\" data-id=\"296beb4\" data-element_type=\"column\">\n\t\t\t<div class=\"elementor-widget-wrap elementor-element-populated\">\n\t\t\t\t\t\t<div class=\"elementor-element elementor-element-88c94d6 dce_masking-none elementor-widget elementor-widget-image\" data-id=\"88c94d6\" data-element_type=\"widget\" data-widget_type=\"image.default\">\n\t\t\t\t<div class=\"elementor-widget-container\">\n\t\t\t\t\t\t\t\t\t\t\t\t\t\t\t<img loading=\"lazy\" decoding=\"async\" width=\"525\" height=\"350\" src=\"https:\/\/www.tlvfest.com\/wp-content\/uploads\/2023\/02\/Mannhoefer_01950.jpg\" class=\"attachment-large size-large wp-image-9389\" alt=\"\" srcset=\"https:\/\/www.tlvfest.com\/wp-content\/uploads\/2023\/02\/Mannhoefer_01950.jpg 600w, https:\/\/www.tlvfest.com\/wp-content\/uploads\/2023\/02\/Mannhoefer_01950-300x200.jpg 300w\" sizes=\"100vw\" \/>\t\t\t\t\t\t\t\t\t\t\t\t\t\t\t<\/div>\n\t\t\t\t<\/div>\n\t\t\t\t\t<\/div>\n\t\t<\/div>\n\t\t\t\t\t<\/div>\n\t\t<\/section>\n\t\t\t\t<section class=\"has_ae_slider elementor-section elementor-top-section elementor-element elementor-element-735d1f2 elementor-section-boxed elementor-section-height-default elementor-section-height-default ae-bg-gallery-type-default\" data-id=\"735d1f2\" data-element_type=\"section\">\n\t\t\t\t\t\t<div class=\"elementor-container elementor-column-gap-default\">\n\t\t\t\t\t<div class=\"has_ae_slider elementor-column elementor-col-33 elementor-top-column elementor-element elementor-element-0e6e393 ae-bg-gallery-type-default\" data-id=\"0e6e393\" data-element_type=\"column\">\n\t\t\t<div class=\"elementor-widget-wrap elementor-element-populated\">\n\t\t\t\t\t\t<div class=\"elementor-element elementor-element-8c59553 dce_masking-none elementor-widget elementor-widget-image\" data-id=\"8c59553\" data-element_type=\"widget\" data-widget_type=\"image.default\">\n\t\t\t\t<div class=\"elementor-widget-container\">\n\t\t\t\t\t\t\t\t\t\t\t\t<figure class=\"wp-caption\">\n\t\t\t\t\t\t\t\t\t\t<img loading=\"lazy\" decoding=\"async\" width=\"525\" height=\"350\" src=\"https:\/\/www.tlvfest.com\/wp-content\/uploads\/2023\/02\/Mannhoefer_00182.jpg\" class=\"attachment-large size-large wp-image-9399\" alt=\"\" srcset=\"https:\/\/www.tlvfest.com\/wp-content\/uploads\/2023\/02\/Mannhoefer_00182.jpg 600w, https:\/\/www.tlvfest.com\/wp-content\/uploads\/2023\/02\/Mannhoefer_00182-300x200.jpg 300w\" sizes=\"100vw\" \/>\t\t\t\t\t\t\t\t\t\t\t<figcaption class=\"widget-image-caption wp-caption-text\">Alexis Michelle<\/figcaption>\n\t\t\t\t\t\t\t\t\t\t<\/figure>\n\t\t\t\t\t\t\t\t\t<\/div>\n\t\t\t\t<\/div>\n\t\t\t\t\t<\/div>\n\t\t<\/div>\n\t\t\t\t<div class=\"has_ae_slider elementor-column elementor-col-66 elementor-top-column elementor-element elementor-element-bf9fb88 ae-bg-gallery-type-default\" data-id=\"bf9fb88\" data-element_type=\"column\">\n\t\t\t<div class=\"elementor-widget-wrap elementor-element-populated\">\n\t\t\t\t\t\t<div class=\"elementor-element elementor-element-c906501 elementor-widget elementor-widget-text-editor\" data-id=\"c906501\" data-element_type=\"widget\" data-widget_type=\"text-editor.default\">\n\t\t\t\t<div class=\"elementor-widget-container\">\n\t\t\t\t\t\t\t\t\t<p>The TLVFest team is already hard at work on our next edition.<br \/>Help us to continue celebrating local and international queer cinema and promote a more tolerant and respectful Israeli society.<br \/>We invite you to join our <a href=\"https:\/\/www.tlvfest.com\/en\/friends\/\">Friendship Circle<\/a><br \/>Yours,<br \/>The TLVFest team.<\/p>\t\t\t\t\t\t\t\t<\/div>\n\t\t\t\t<\/div>\n\t\t\t\t\t<\/div>\n\t\t<\/div>\n\t\t\t\t\t<\/div>\n\t\t<\/section>\n\t\t\t\t<section class=\"has_ae_slider elementor-section elementor-top-section elementor-element elementor-element-cea4bbf elementor-section-boxed elementor-section-height-default elementor-section-height-default ae-bg-gallery-type-default\" data-id=\"cea4bbf\" data-element_type=\"section\">\n\t\t\t\t\t\t<div class=\"elementor-container elementor-column-gap-default\">\n\t\t\t\t\t<div class=\"has_ae_slider elementor-column elementor-col-100 elementor-top-column elementor-element elementor-element-5982262 ae-bg-gallery-type-default\" data-id=\"5982262\" data-element_type=\"column\">\n\t\t\t<div class=\"elementor-widget-wrap elementor-element-populated\">\n\t\t\t\t\t\t\t<\/div>\n\t\t<\/div>\n\t\t\t\t\t<\/div>\n\t\t<\/section>\n\t\t\t\t<\/div>\n\t\t","protected":false},"excerpt":{"rendered":"<p>About Freedom, justice and tolerance should be the pillars of any society. We believe Israel must guarantee full social and political equality to all, regardless of religion, race, sex or sexual orientation. As committed members of the Israeli LGBT community, we struggle for equality and respect by creating a serious, often controversial discourse through the &hellip; <\/p>\n<p class=\"link-more\"><a href=\"https:\/\/www.tlvfest.com\/en\/about\/\" class=\"more-link\">Continue reading<span class=\"screen-reader-text\"> &#8220;About&#8221;<\/span><\/a><\/p>\n","protected":false},"author":2,"featured_media":0,"parent":0,"menu_order":0,"comment_status":"closed","ping_status":"closed","template":"","meta":{"footnotes":""},"class_list":["post-5460","page","type-page","status-publish","hentry"],"acf":[],"_links":{"self":[{"href":"https:\/\/www.tlvfest.com\/en\/wp-json\/wp\/v2\/pages\/5460","targetHints":{"allow":["GET"]}}],"collection":[{"href":"https:\/\/www.tlvfest.com\/en\/wp-json\/wp\/v2\/pages"}],"about":[{"href":"https:\/\/www.tlvfest.com\/en\/wp-json\/wp\/v2\/types\/page"}],"author":[{"embeddable":true,"href":"https:\/\/www.tlvfest.com\/en\/wp-json\/wp\/v2\/users\/2"}],"replies":[{"embeddable":true,"href":"https:\/\/www.tlvfest.com\/en\/wp-json\/wp\/v2\/comments?post=5460"}],"version-history":[{"count":30,"href":"https:\/\/www.tlvfest.com\/en\/wp-json\/wp\/v2\/pages\/5460\/revisions"}],"predecessor-version":[{"id":9409,"href":"https:\/\/www.tlvfest.com\/en\/wp-json\/wp\/v2\/pages\/5460\/revisions\/9409"}],"wp:attachment":[{"href":"https:\/\/www.tlvfest.com\/en\/wp-json\/wp\/v2\/media?parent=5460"}],"curies":[{"name":"wp","href":"https:\/\/api.w.org\/{rel}","templated":true}]}}